{"id":2269,"date":"2021-03-09T15:49:03","date_gmt":"2021-03-09T15:49:03","guid":{"rendered":"https:\/\/meditrial.net\/clinical-trials-where\/?page_id=2269"},"modified":"2022-07-06T18:46:25","modified_gmt":"2022-07-06T18:46:25","slug":"france","status":"publish","type":"page","link":"https:\/\/meditrial.net\/clinical-trials-where\/western-europe\/france\/","title":{"rendered":"France"},"content":{"rendered":"<div class=\"fusion-fullwidth fullwidth-box fusion-builder-row-1 fusion-flex-container nonhundred-percent-fullwidth non-hundred-percent-height-scrolling\" style=\"background-color: rgba(255,255,255,0);background-position: center center;background-repeat: no-repeat;border-width: 0px 0px 0px 0px;border-color:#e2e2e2;border-style:solid;\" ><div class=\"fusion-builder-row fusion-row fusion-flex-align-items-flex-start\" style=\"max-width:1248px;margin-left: calc(-4% \/ 2 );margin-right: calc(-4% \/ 2 );\"><div class=\"fusion-layout-column fusion_builder_column fusion-builder-column-0 fusion_builder_column_1_1 1_1 fusion-flex-column fusion-animated\" data-animationType=\"fadeInUp\" data-animationDuration=\"1.0\" data-animationOffset=\"top-into-view\"><div class=\"fusion-column-wrapper fusion-flex-justify-content-flex-start fusion-content-layout-column\" style=\"background-position:left top;background-repeat:no-repeat;-webkit-background-size:cover;-moz-background-size:cover;-o-background-size:cover;background-size:cover;padding: 0px 0px 0px 0px;\"><div ><span class=\" fusion-imageframe imageframe-none imageframe-1 hover-type-none\" style=\"border-radius:8px;margin-bottom:20px;\"><img decoding=\"async\" width=\"1415\" height=\"298\" title=\"france\" src=\"https:\/\/meditrial.net\/clinical-trials-where\/wp-content\/uploads\/2021\/03\/france.jpg\" class=\"img-responsive wp-image-2467\" srcset=\"https:\/\/meditrial.net\/clinical-trials-where\/wp-content\/uploads\/2021\/03\/france-200x42.jpg 200w, https:\/\/meditrial.net\/clinical-trials-where\/wp-content\/uploads\/2021\/03\/france-400x84.jpg 400w, https:\/\/meditrial.net\/clinical-trials-where\/wp-content\/uploads\/2021\/03\/france-600x126.jpg 600w, https:\/\/meditrial.net\/clinical-trials-where\/wp-content\/uploads\/2021\/03\/france-800x168.jpg 800w, https:\/\/meditrial.net\/clinical-trials-where\/wp-content\/uploads\/2021\/03\/france-1200x253.jpg 1200w, https:\/\/meditrial.net\/clinical-trials-where\/wp-content\/uploads\/2021\/03\/france.jpg 1415w\" sizes=\"(max-width: 640px) 100vw, 1200px\" \/><\/span><\/div><div class=\"fusion-text fusion-text-1\"><h2 class=\"strh2\">French Approval Process<\/h2>\n<p>Regulations concerning the review and approval of clinical research studies are published on the website of the <strong>Agence Nationale de S\u00e9curit\u00e9 du M\u00e9dicament<\/strong> et des <strong>Produits de Sant\u00e9 (ANSM)<\/strong>. The French regulations integrate the transposition of the European Directive on Medicinal Products 2001\/20\/EC and on Medical Devices 93\/42\/EEC.<\/p>\n<p>Clinical trial start-up time: 3.5 months.<\/p>\n<\/div><div class=\"fusion-text fusion-text-2\"><h2 class=\"strh2\">French Pre-Market Registrations<\/h2>\n<p>Regulations in France require all medical devices to receive a Reference Study Number through registration to <b>ANSM, <\/b><span style=\"background-color: rgba(255, 255, 255, 0); color: var(--body_typography-color); font-family: var(--body_typography-font-family); font-size: var(--body_typography-font-size); font-style: var(--body_typography-font-style,normal); font-weight: var(--body_typography-font-weight); letter-spacing: var(--body_typography-letter-spacing);\">This number is intended to identify each Research carried out in France and pivotal to gettting studies underway. This process is comprised of 4 parts:<\/span><\/p>\n<ul>\n<li>\n<p>Part 1: Administrative Dossier (Presentation)<\/p>\n<\/li>\n<li>\n<p>Part 2: Biomedical Research Dossier<\/p>\n<\/li>\n<li>\n<p><span style=\"background-color: rgba(255, 255, 255, 0); color: var(--body_typography-color); font-family: var(--body_typography-font-family); font-size: var(--body_typography-font-size); font-style: var(--body_typography-font-style,normal); font-weight: var(--body_typography-font-weight); letter-spacing: var(--body_typography-letter-spacing);\">Part 3: Technical Dossier: presents the data relating to products used within the framework of the research<\/span><\/p>\n<\/li>\n<li>\n<p><span style=\"background-color: rgba(255, 255, 255, 0); color: var(--body_typography-color); font-family: var(--body_typography-font-family); font-size: var(--body_typography-font-size); font-style: var(--body_typography-font-style,normal); font-weight: var(--body_typography-font-weight); letter-spacing: var(--body_typography-letter-spacing);\">Part 4: Other Documents\/Enclosures <\/span><\/p>\n<\/li>\n<\/ul>\n<\/div><div class=\"fusion-text fusion-text-3\"><h2 class=\"strh2\">Investigators and Sites<\/h2>\n<p>France hosts many sites, including 11 newly associated sites. Investigators are experienced in the necessary submissions and additional approvals for medical devices to achieve the CE mark. Moreover, our French CRAs are well acquainted with the many regulatory bodies and competent authorities, which leads to excellent relations with the investigators and excellent quality of the data.<\/p>\n<\/div><\/div><style type=\"text\/css\">.fusion-body .fusion-builder-column-0{width:100% !important;margin-top : 0px;margin-bottom : 20px;}.fusion-builder-column-0 > .fusion-column-wrapper {padding-top : 0px !important;padding-right : 0px !important;margin-right : 1.92%;padding-bottom : 0px !important;padding-left : 0px !important;margin-left : 1.92%;}@media only screen and (max-width:1024px) {.fusion-body .fusion-builder-column-0{width:100% !important;}.fusion-builder-column-0 > .fusion-column-wrapper {margin-right : 1.92%;margin-left : 1.92%;}}@media only screen and (max-width:640px) {.fusion-body .fusion-builder-column-0{width:100% !important;}.fusion-builder-column-0 > .fusion-column-wrapper {margin-right : 1.92%;margin-left : 1.92%;}}<\/style><\/div><\/div><style type=\"text\/css\">.fusion-body .fusion-flex-container.fusion-builder-row-1{ padding-top : 0px;margin-top : 0px;padding-right : 0px;padding-bottom : 0px;margin-bottom : 0px;padding-left : 0px;}<\/style><\/div>\n","protected":false},"excerpt":{"rendered":"","protected":false},"author":4,"featured_media":0,"parent":2242,"menu_order":0,"comment_status":"closed","ping_status":"closed","template":"","meta":{"footnotes":""},"class_list":["post-2269","page","type-page","status-publish","hentry"],"_links":{"self":[{"href":"https:\/\/meditrial.net\/clinical-trials-where\/wp-json\/wp\/v2\/pages\/2269","targetHints":{"allow":["GET"]}}],"collection":[{"href":"https:\/\/meditrial.net\/clinical-trials-where\/wp-json\/wp\/v2\/pages"}],"about":[{"href":"https:\/\/meditrial.net\/clinical-trials-where\/wp-json\/wp\/v2\/types\/page"}],"author":[{"embeddable":true,"href":"https:\/\/meditrial.net\/clinical-trials-where\/wp-json\/wp\/v2\/users\/4"}],"replies":[{"embeddable":true,"href":"https:\/\/meditrial.net\/clinical-trials-where\/wp-json\/wp\/v2\/comments?post=2269"}],"version-history":[{"count":7,"href":"https:\/\/meditrial.net\/clinical-trials-where\/wp-json\/wp\/v2\/pages\/2269\/revisions"}],"predecessor-version":[{"id":2805,"href":"https:\/\/meditrial.net\/clinical-trials-where\/wp-json\/wp\/v2\/pages\/2269\/revisions\/2805"}],"up":[{"embeddable":true,"href":"https:\/\/meditrial.net\/clinical-trials-where\/wp-json\/wp\/v2\/pages\/2242"}],"wp:attachment":[{"href":"https:\/\/meditrial.net\/clinical-trials-where\/wp-json\/wp\/v2\/media?parent=2269"}],"curies":[{"name":"wp","href":"https:\/\/api.w.org\/{rel}","templated":true}]}}